{"id":12011,"date":"2024-08-21T20:33:29","date_gmt":"2024-08-21T18:33:29","guid":{"rendered":"https:\/\/grob-forest.fr\/?post_type=product&#038;p=12011"},"modified":"2025-08-18T11:48:01","modified_gmt":"2025-08-18T09:48:01","slug":"holzofen-invicta-remilly-7-kw","status":"publish","type":"product","link":"https:\/\/grob-forest.fr\/index.php\/produit\/holzofen-invicta-remilly-7-kw\/","title":{"rendered":"Holzofen INVICTA &#8211; REMILLY 7 kW"},"content":{"rendered":"<div id=\"short_description_content\" class=\"rte align_justify\">\n<ul>\n<li>Po\u00eale \u00e0 bois<\/li>\n<li>Taille de b\u00fbches :\u00a034 cm maximum<\/li>\n<li>Air secondaire r\u00e9glable<\/li>\n<li>Combustion prolong\u00e9e 8 heures<\/li>\n<li>Origine France Garantie<\/li>\n<li>Vitre propre<\/li>\n<li>Raccordement dessus \u00d8 150 mm<\/li>\n<li>Eco Design 2022<\/li>\n<li>Flamme verte 7 \u00e9toiles<\/li>\n<li>Dimensions (L-H-P) :\u00a0436 x 800 x 366 mm<\/li>\n<li>Poids :\u00a066 kg<\/li>\n<\/ul>\n<\/div>\n<div class=\"content_prices clearfix\">\n<div><\/div>\n<\/div>\n","protected":false},"excerpt":{"rendered":"<p>Po\u00eale \u00e0 bois Taille de b\u00fbches :\u00a034 cm maximum Air secondaire r\u00e9glable Combustion prolong\u00e9e 8 heures Origine France Garantie Vitre<\/p>\n","protected":false},"featured_media":12600,"template":"","meta":[],"product_brand":[],"product_cat":[499,500],"product_tag":[],"class_list":{"0":"post-12011","1":"product","2":"type-product","3":"status-publish","4":"has-post-thumbnail","6":"product_cat-chauffage","7":"product_cat-poele-a-bois","9":"first","10":"instock","11":"taxable","12":"shipping-taxable","13":"purchasable","14":"product-type-simple"},"_links":{"self":[{"href":"https:\/\/grob-forest.fr\/index.php\/wp-json\/wp\/v2\/product\/12011","targetHints":{"allow":["GET"]}}],"collection":[{"href":"https:\/\/grob-forest.fr\/index.php\/wp-json\/wp\/v2\/product"}],"about":[{"href":"https:\/\/grob-forest.fr\/index.php\/wp-json\/wp\/v2\/types\/product"}],"version-history":[{"count":2,"href":"https:\/\/grob-forest.fr\/index.php\/wp-json\/wp\/v2\/product\/12011\/revisions"}],"predecessor-version":[{"id":14014,"href":"https:\/\/grob-forest.fr\/index.php\/wp-json\/wp\/v2\/product\/12011\/revisions\/14014"}],"wp:featuredmedia":[{"embeddable":true,"href":"https:\/\/grob-forest.fr\/index.php\/wp-json\/wp\/v2\/media\/12600"}],"wp:attachment":[{"href":"https:\/\/grob-forest.fr\/index.php\/wp-json\/wp\/v2\/media?parent=12011"}],"wp:term":[{"taxonomy":"product_brand","embeddable":true,"href":"https:\/\/grob-forest.fr\/index.php\/wp-json\/wp\/v2\/product_brand?post=12011"},{"taxonomy":"product_cat","embeddable":true,"href":"https:\/\/grob-forest.fr\/index.php\/wp-json\/wp\/v2\/product_cat?post=12011"},{"taxonomy":"product_tag","embeddable":true,"href":"https:\/\/grob-forest.fr\/index.php\/wp-json\/wp\/v2\/product_tag?post=12011"}],"curies":[{"name":"wp","href":"https:\/\/api.w.org\/{rel}","templated":true}]}}